{"id":18,"date":"2022-06-02T08:22:50","date_gmt":"2022-06-02T06:22:50","guid":{"rendered":"https:\/\/3fu.de\/?page_id=18"},"modified":"2022-06-02T20:05:16","modified_gmt":"2022-06-02T18:05:16","slug":"ueber-mich","status":"publish","type":"page","link":"https:\/\/3fu.de\/?page_id=18","title":{"rendered":"\u00dcber mich"},"content":{"rendered":"\n<p><\/p>\n\n\n\n<div class=\"wp-block-media-text alignwide has-media-on-the-right is-stacked-on-mobile\"><figure class=\"wp-block-media-text__media\"><img loading=\"lazy\" decoding=\"async\" width=\"780\" height=\"1024\" src=\"https:\/\/3fu.de\/wp-content\/uploads\/2022\/06\/3fu_u\u0308bermich-780x1024.png\" alt=\"\" class=\"wp-image-32 size-large\" srcset=\"https:\/\/3fu.de\/wp-content\/uploads\/2022\/06\/3fu_u\u0308bermich-780x1024.png 780w, https:\/\/3fu.de\/wp-content\/uploads\/2022\/06\/3fu_u\u0308bermich-228x300.png 228w, https:\/\/3fu.de\/wp-content\/uploads\/2022\/06\/3fu_u\u0308bermich-768x1009.png 768w, https:\/\/3fu.de\/wp-content\/uploads\/2022\/06\/3fu_u\u0308bermich-1170x1536.png 1170w, https:\/\/3fu.de\/wp-content\/uploads\/2022\/06\/3fu_u\u0308bermich-1560x2048.png 1560w\" sizes=\"auto, (max-width: 780px) 100vw, 780px\" \/><\/figure><div class=\"wp-block-media-text__content\">\n<p>Ja moin, sch\u00f6n das du die Seite hier gefunden hast <img src=\"http:\/\/3fu.de\/wp-includes\/images\/smilies\/icon_smile.gif\" alt=\":)\" class=\"wp-smiley\" style=\"height: 1em; max-height: 1em;\" \/><\/p>\n\n\n\n<p>Ich bin der Stephan und geh\u00f6re auch zu den Leuten, die sehr viel Zeit vor einem Bildschirm verbringen, sogar freiwillig!<\/p>\n\n\n\n<p>Meine Devise in der Hinsicht galt schon immer dem Motto &#8220;learning by doing&#8221;. W\u00e4hrend mein alter Amiga mich schon fasziniert hat ging es erst richtig los, als ich bei meiner Windows 3.1 installation den &#8220;sytem&#8221; Order gel\u00f6scht hatte und danach gar nichts mehr ging.<\/p>\n\n\n\n<p>\u00dcber all die Jahre hinweg habe ich dann meine Leidenschaft f\u00fcr Linux entdeckt, konnte dadurch meinen eigenen Counter-Strike Server hosten und ging immer weiter in das Rattenloch der IT hinein.<\/p>\n\n\n\n<p>Meine neuste Leidenschaft ist nun auch die Python Programmierung. Durch diverse Projekte bei meinem momentanen Arbeitgeber konnte ich sehr viele Eindr\u00fccke der Sprache gewinnen, um u. a. komplexere Monitoring Skripte zu schreiben, Daten zu verbarbeiten uvm. <\/p>\n\n\n\n<p>In meiner Crytek Zeit war ich auch als &#8220;Meme-Master&#8221; bekannt, da ich zu fast alles und jeder Situation ein passendes Meme erstellen konnte. Zum Leidwesen meiner Arbeitskollegen \ud83e\udd2d<\/p>\n<\/div><\/div>\n\n\n\n<hr class=\"wp-block-separator has-alpha-channel-opacity\"\/>\n\n\n\n<h4 class=\"wp-block-heading\">Was erwartet dich nun hier auf der Website?<\/h4>\n\n\n\n<p>Unregelm\u00e4\u00dfger Content in der Kurzfassung. <img src=\"http:\/\/3fu.de\/wp-includes\/images\/smilies\/troll.png\" alt=\":troll:\" class=\"wp-smiley\" style=\"height: 1em; max-height: 1em;\" \/><br><br>Was hier kommen wird sind meine Erfahrungen mit all den Projekten die ich so habe, Stolpersteine und auch wie ich diese umgangen habe. Viel zu oft sa\u00df ich schon vor Google und fand keinerlei richtigen Hinweise wie ich nun meinen SlackBot fertig schreibe, oder auf StackOverflow konnte ich nicht genau beschreiben was ich wollte und hatte schon Dellen auf meinem Tisch weil ich den Kopf aus Frust zu oft dagegen gehauen habe und den Blogtitel &#8220;FUUUUUUU&#8221; geschrien habe. <img src=\"http:\/\/3fu.de\/wp-includes\/images\/smilies\/rage.png\" alt=\":fuuu:\" class=\"wp-smiley\" style=\"height: 1em; max-height: 1em;\" \/><br><br>Dabei kann es alles m\u00f6gliche sein, \u00fcber ein Skript das ich beim Monitoring brauche, Python Skripte die ich nutze um in meinem Grafana meinen Stromverbrauch des HomeLab anzeigen zu lassen bishin zu Slack Bots, die daf\u00fcr sorgen das ich meine Mitmenschen Wahnsinnig mache. Es kann hier alles vorkommen, aber mit dem Anspruch wenn ich eine L\u00f6sung habe, diese auch so zu pr\u00e4sentieren das es jeder versteht sowie den Quelltext in GitHub zu ver\u00f6ffentlichen.<\/p>\n\n\n\n<ul class=\"wp-block-social-links is-content-justification-center is-layout-flex wp-container-core-social-links-is-layout-16018d1d wp-block-social-links-is-layout-flex\"><li class=\"wp-social-link wp-social-link-linkedin  wp-block-social-link\"><a href=\"https:\/\/www.linkedin.com\/in\/stephan-schaffner-1403a8136\/\" class=\"wp-block-social-link-anchor\"><svg width=\"24\" height=\"24\" viewBox=\"0 0 24 24\" version=\"1.1\" xmlns=\"http:\/\/www.w3.org\/2000\/svg\" aria-hidden=\"true\" focusable=\"false\"><path d=\"M19.7,3H4.3C3.582,3,3,3.582,3,4.3v15.4C3,20.418,3.582,21,4.3,21h15.4c0.718,0,1.3-0.582,1.3-1.3V4.3 C21,3.582,20.418,3,19.7,3z M8.339,18.338H5.667v-8.59h2.672V18.338z M7.004,8.574c-0.857,0-1.549-0.694-1.549-1.548 c0-0.855,0.691-1.548,1.549-1.548c0.854,0,1.547,0.694,1.547,1.548C8.551,7.881,7.858,8.574,7.004,8.574z M18.339,18.338h-2.669 v-4.177c0-0.996-0.017-2.278-1.387-2.278c-1.389,0-1.601,1.086-1.601,2.206v4.249h-2.667v-8.59h2.559v1.174h0.037 c0.356-0.675,1.227-1.387,2.526-1.387c2.703,0,3.203,1.779,3.203,4.092V18.338z\"><\/path><\/svg><span class=\"wp-block-social-link-label screen-reader-text\">LinkedIn<\/span><\/a><\/li>\n\n<li class=\"wp-social-link wp-social-link-twitter  wp-block-social-link\"><a href=\"https:\/\/twitter.com\/gamienator\" class=\"wp-block-social-link-anchor\"><svg width=\"24\" height=\"24\" viewBox=\"0 0 24 24\" version=\"1.1\" xmlns=\"http:\/\/www.w3.org\/2000\/svg\" aria-hidden=\"true\" focusable=\"false\"><path d=\"M22.23,5.924c-0.736,0.326-1.527,0.547-2.357,0.646c0.847-0.508,1.498-1.312,1.804-2.27 c-0.793,0.47-1.671,0.812-2.606,0.996C18.324,4.498,17.257,4,16.077,4c-2.266,0-4.103,1.837-4.103,4.103 c0,0.322,0.036,0.635,0.106,0.935C8.67,8.867,5.647,7.234,3.623,4.751C3.27,5.357,3.067,6.062,3.067,6.814 c0,1.424,0.724,2.679,1.825,3.415c-0.673-0.021-1.305-0.206-1.859-0.513c0,0.017,0,0.034,0,0.052c0,1.988,1.414,3.647,3.292,4.023 c-0.344,0.094-0.707,0.144-1.081,0.144c-0.264,0-0.521-0.026-0.772-0.074c0.522,1.63,2.038,2.816,3.833,2.85 c-1.404,1.1-3.174,1.756-5.096,1.756c-0.331,0-0.658-0.019-0.979-0.057c1.816,1.164,3.973,1.843,6.29,1.843 c7.547,0,11.675-6.252,11.675-11.675c0-0.178-0.004-0.355-0.012-0.531C20.985,7.47,21.68,6.747,22.23,5.924z\"><\/path><\/svg><span class=\"wp-block-social-link-label screen-reader-text\">Twitter<\/span><\/a><\/li>\n\n<li class=\"wp-social-link wp-social-link-github  wp-block-social-link\"><a href=\"https:\/\/github.com\/Hornochs\/\" class=\"wp-block-social-link-anchor\"><svg width=\"24\" height=\"24\" viewBox=\"0 0 24 24\" version=\"1.1\" xmlns=\"http:\/\/www.w3.org\/2000\/svg\" aria-hidden=\"true\" focusable=\"false\"><path d=\"M12,2C6.477,2,2,6.477,2,12c0,4.419,2.865,8.166,6.839,9.489c0.5,0.09,0.682-0.218,0.682-0.484 c0-0.236-0.009-0.866-0.014-1.699c-2.782,0.602-3.369-1.34-3.369-1.34c-0.455-1.157-1.11-1.465-1.11-1.465 c-0.909-0.62,0.069-0.608,0.069-0.608c1.004,0.071,1.532,1.03,1.532,1.03c0.891,1.529,2.341,1.089,2.91,0.833 c0.091-0.647,0.349-1.086,0.635-1.337c-2.22-0.251-4.555-1.111-4.555-4.943c0-1.091,0.39-1.984,1.03-2.682 C6.546,8.54,6.202,7.524,6.746,6.148c0,0,0.84-0.269,2.75,1.025C10.295,6.95,11.15,6.84,12,6.836 c0.85,0.004,1.705,0.114,2.504,0.336c1.909-1.294,2.748-1.025,2.748-1.025c0.546,1.376,0.202,2.394,0.1,2.646 c0.64,0.699,1.026,1.591,1.026,2.682c0,3.841-2.337,4.687-4.565,4.935c0.359,0.307,0.679,0.917,0.679,1.852 c0,1.335-0.012,2.415-0.012,2.741c0,0.269,0.18,0.579,0.688,0.481C19.138,20.161,22,16.416,22,12C22,6.477,17.523,2,12,2z\"><\/path><\/svg><span class=\"wp-block-social-link-label screen-reader-text\">GitHub<\/span><\/a><\/li><\/ul>\n","protected":false},"excerpt":{"rendered":"<p>Ja moin, sch\u00f6n das du die Seite hier gefunden hast Ich bin der Stephan und geh\u00f6re auch zu den Leuten, die sehr viel Zeit vor einem Bildschirm verbringen, sogar freiwillig! Meine Devise in der Hinsicht galt schon immer dem Motto &#8220;learning by doing&#8221;. W\u00e4hrend mein alter Amiga mich schon fasziniert hat ging es erst richtig [&hellip;]<\/p>\n","protected":false},"author":1,"featured_media":0,"parent":0,"menu_order":0,"comment_status":"closed","ping_status":"closed","template":"","meta":{"footnotes":""},"class_list":["post-18","page","type-page","status-publish","hentry"],"_links":{"self":[{"href":"https:\/\/3fu.de\/index.php?rest_route=\/wp\/v2\/pages\/18","targetHints":{"allow":["GET"]}}],"collection":[{"href":"https:\/\/3fu.de\/index.php?rest_route=\/wp\/v2\/pages"}],"about":[{"href":"https:\/\/3fu.de\/index.php?rest_route=\/wp\/v2\/types\/page"}],"author":[{"embeddable":true,"href":"https:\/\/3fu.de\/index.php?rest_route=\/wp\/v2\/users\/1"}],"replies":[{"embeddable":true,"href":"https:\/\/3fu.de\/index.php?rest_route=%2Fwp%2Fv2%2Fcomments&post=18"}],"version-history":[{"count":20,"href":"https:\/\/3fu.de\/index.php?rest_route=\/wp\/v2\/pages\/18\/revisions"}],"predecessor-version":[{"id":125,"href":"https:\/\/3fu.de\/index.php?rest_route=\/wp\/v2\/pages\/18\/revisions\/125"}],"wp:attachment":[{"href":"https:\/\/3fu.de\/index.php?rest_route=%2Fwp%2Fv2%2Fmedia&parent=18"}],"curies":[{"name":"wp","href":"https:\/\/api.w.org\/{rel}","templated":true}]}}